{"id":924,"date":"2017-10-20T07:38:02","date_gmt":"2017-10-20T05:38:02","guid":{"rendered":"http:\/\/ninzio.com\/univero\/?page_id=924"},"modified":"2025-12-09T13:30:02","modified_gmt":"2025-12-09T12:30:02","slug":"accueil","status":"publish","type":"page","link":"https:\/\/trouvermonecole.com\/","title":{"rendered":"Accueil"},"content":{"rendered":"<p>[vc_row full_width=\u00a0\u00bbstretch_row_content\u00a0\u00bb el_id=\u00a0\u00bbbaniereid\u00a0\u00bb][vc_column][rev_slider_vc alias=\u00a0\u00bbtest\u00a0\u00bb][\/vc_column][\/vc_row][vc_row][vc_column][vc_empty_space height=\u00a0\u00bb45&Prime; el_class=\u00a0\u00bbhidden-md hidden-sm hidden-xs\u00a0\u00bb][vc_empty_space height=\u00a0\u00bb45&Prime;][vc_row_inner][vc_column_inner][ninzio_features_box items=\u00a0\u00bb%5B%7B%22icon_font%22%3A%22%20u-icons-avatar-1%22%2C%22title%22%3A%22%C3%A9valuation%20de%20votre%20dossier%22%2C%22featured%22%3A%220%22%7D%2C%7B%22icon_font%22%3A%22u-icons-book2%22%2C%22title%22%3A%22Pr%C3%A9paration%20de%20votre%20dossier%22%2C%22featured%22%3A%220%22%7D%2C%7B%22icon_font%22%3A%22u-icons-chat-1%22%2C%22title%22%3A%22D%C3%A9p%C3%B4t%20de%20votre%20dossier%22%2C%22featured%22%3A%220%22%7D%2C%7B%22icon_font%22%3A%22u-icons-book2%22%2C%22title%22%3A%22Suivi%20de%20votre%20dossier%22%2C%22featured%22%3A%220%22%7D%5D\u00a0\u00bb number=\u00a0\u00bb4&Prime;][\/vc_column_inner][\/vc_row_inner][vc_empty_space height=\u00a0\u00bb45&Prime; el_class=\u00a0\u00bbhidden-md hidden-sm hidden-xs\u00a0\u00bb][vc_empty_space height=\u00a0\u00bb45&Prime;][\/vc_column][\/vc_row][vc_row full_width=\u00a0\u00bbstretch_row\u00a0\u00bb css=\u00a0\u00bb.vc_custom_1509610970842{background-color: #f5f5f5 !important;}\u00a0\u00bb][vc_column][vc_empty_space height=\u00a0\u00bb50&Prime; el_class=\u00a0\u00bbhidden-md hidden-sm hidden-xs\u00a0\u00bb][vc_empty_space height=\u00a0\u00bb50&Prime;][vc_row_inner][vc_column_inner width=\u00a0\u00bb1\/2&Prime;][ninzio_title_heading style=\u00a0\u00bbstyle1&Prime; title=\u00a0\u00bbPourquoi nous choisir?\u00a0\u00bb][vc_column_text]Nous sommes une \u00e9quipe de professionnels disponibles. Tr\u00e8s bien impliqu\u00e9s dans les circuits \u00e9ducatifs des pays d&rsquo;Europe, nous sommes nous-m\u00eame les produits de nos services. Notre profonde connaissance des \u00e9coles, des bourses des institutions et la somme des dossiers que nous avons trait\u00e9s, font de nous des guides pour ceux qui cherchent une \u00e9cole. Nos partenaires en Afrique et en Europe nous permettent de conduire votre dossier au bon endroit.[\/vc_column_text][vc_empty_space height=\u00a0\u00bb50px\u00a0\u00bb][vc_progress_bar values=\u00a0\u00bb%5B%7B%22label%22%3A%22%C3%89valuation%20dossiers%22%2C%22value%22%3A%2285%22%2C%22color%22%3A%22bar_green%22%7D%2C%7B%22label%22%3A%22Suivi%20de%20dossiers%22%2C%22value%22%3A%2285%22%2C%22color%22%3A%22bar_green%22%7D%2C%7B%22label%22%3A%22Int%C3%A9gration%20%C3%A0%20l&rsquo;arriv%C3%A9e%22%2C%22value%22%3A%2290%22%2C%22color%22%3A%22bar_green%22%7D%5D\u00a0\u00bb units=\u00a0\u00bb%\u00a0\u00bb][\/vc_column_inner][vc_column_inner width=\u00a0\u00bb1\/2&Prime;][ninzio_gallery number=\u00a0\u00bb9&Prime; columns=\u00a0\u00bb1&Prime; layout_type=\u00a0\u00bbcarousel\u00a0\u00bb thumbsize=\u00a0\u00bb580&#215;360&Prime;][\/vc_column_inner][\/vc_row_inner][vc_empty_space height=\u00a0\u00bb46&Prime;][vc_empty_space height=\u00a0\u00bb46&Prime; el_class=\u00a0\u00bbhidden-md hidden-sm hidden-xs\u00a0\u00bb][\/vc_column][\/vc_row][vc_row full_width=\u00a0\u00bbstretch_row_content_no_spaces\u00a0\u00bb el_class=\u00a0\u00bbbg-theme\u00a0\u00bb][vc_column][ninzio_call_action title=\u00a0\u00bbVeuillez remplir le formulaire d&rsquo;\u00e9valuation TME\u00a0\u00bb buttons1=\u00a0\u00bbbtn-white\u00a0\u00bb style=\u00a0\u00bbcenter-white\u00a0\u00bb image=\u00a0\u00bb1042&Prime; textbutton1=\u00a0\u00bbCliquez ici\u00a0\u00bb linkbutton1=\u00a0\u00bbhttps:\/\/trouvermonecole.com\/index.php\/evaluation\/\u00a0\u00bb][\/ninzio_call_action][\/vc_column][\/vc_row][vc_row][vc_column][vc_empty_space height=\u00a0\u00bb55&Prime;][vc_empty_space height=\u00a0\u00bb55&Prime; el_class=\u00a0\u00bbhidden-md hidden-sm hidden-xs\u00a0\u00bb][ninzio_title_heading descript=\u00a0\u00bbNous ne garantissons pas l&rsquo;obtention du VISA.\u00a0\u00bb style=\u00a0\u00bbdefault\u00a0\u00bb title=\u00a0\u00bbNos forfaits\u00a0\u00bb][vc_row_inner][vc_column_inner width=\u00a0\u00bb1\/3&Prime;][ninzio_course_membership post_name=\u00a0\u00bbonline\u00a0\u00bb number=\u00a0\u00bb\u00a0\u00bb][\/vc_column_inner][vc_column_inner width=\u00a0\u00bb1\/3&Prime;][ninzio_course_membership post_name=\u00a0\u00bbyearly\u00a0\u00bb recommend=\u00a0\u00bbyes\u00a0\u00bb number=\u00a0\u00bb\u00a0\u00bb][\/vc_column_inner][vc_column_inner width=\u00a0\u00bb1\/3&Prime;][ninzio_course_membership post_name=\u00a0\u00bbmonthly\u00a0\u00bb number=\u00a0\u00bb\u00a0\u00bb][\/vc_column_inner][\/vc_row_inner][vc_empty_space height=\u00a0\u00bb55&Prime;][vc_empty_space height=\u00a0\u00bb55&Prime; el_class=\u00a0\u00bbhidden-md hidden-sm hidden-xs\u00a0\u00bb][\/vc_column][\/vc_row][vc_row full_width=\u00a0\u00bbstretch_row_content_no_spaces\u00a0\u00bb css=\u00a0\u00bb.vc_custom_1509616192676{background-image: url(https:\/\/trouvermonecole.com\/wp-content\/uploads\/2017\/01\/section_bg1.jpg?id=1051) !important;}\u00a0\u00bb][vc_column][vc_empty_space height=\u00a0\u00bb42&Prime;][vc_empty_space height=\u00a0\u00bb42&Prime; el_class=\u00a0\u00bbhidden-md hidden-sm hidden-xs\u00a0\u00bb][ninzio_title_heading style=\u00a0\u00bbdefault\u00a0\u00bb title=\u00a0\u00bbT\u00e9moignages de nos \u00e9tudiants\u00a0\u00bb el_class=\u00a0\u00bbvc-tst\u00a0\u00bb][ninzio_testimonials number=\u00a0\u00bb3&Prime; layout_type=\u00a0\u00bbstyle2&Prime;][vc_empty_space height=\u00a0\u00bb56&Prime; el_class=\u00a0\u00bbhidden-md hidden-sm hidden-xs\u00a0\u00bb][vc_empty_space height=\u00a0\u00bb56&Prime;][\/vc_column][\/vc_row][vc_row][vc_column][vc_empty_space height=\u00a0\u00bb57&Prime;][vc_empty_space height=\u00a0\u00bb57&Prime; el_class=\u00a0\u00bbhidden-md hidden-sm hidden-xs\u00a0\u00bb][ninzio_title_heading style=\u00a0\u00bbdefault\u00a0\u00bb title=\u00a0\u00bbActualit\u00e9s\u00a0\u00bb el_class=\u00a0\u00bbvc-blog\u00a0\u00bb][ninzio_gridposts show_pagination=\u00a0\u00bbyes\u00a0\u00bb grid_columns=\u00a0\u00bb3&Prime; layout_type=\u00a0\u00bbcarousel\u00a0\u00bb loop=\u00a0\u00bbsize:12|order_by:date|post_type:post\u00a0\u00bb thumbsize=\u00a0\u00bb380&#215;323&Prime;][vc_empty_space height=\u00a0\u00bb39&Prime;][vc_empty_space height=\u00a0\u00bb39&Prime; el_class=\u00a0\u00bbhidden-md hidden-sm hidden-xs\u00a0\u00bb][\/vc_column][\/vc_row]<\/p>\n","protected":false},"excerpt":{"rendered":"<p>[vc_row full_width=\u00a0\u00bbstretch_row_content\u00a0\u00bb el_id=\u00a0\u00bbbaniereid\u00a0\u00bb][vc_column][rev_slider_vc alias=\u00a0\u00bbtest\u00a0\u00bb][\/vc_column][\/vc_row][vc_row][vc_column][vc_empty_space height=\u00a0\u00bb45&Prime; el_class=\u00a0\u00bbhidden-md hidden-sm hidden-xs\u00a0\u00bb][vc_empty_space height=\u00a0\u00bb45&Prime;][vc_row_inner][vc_column_inner][ninzio_features_box items=\u00a0\u00bb%5B%7B%22icon_font%22%3A%22%20u-icons-avatar-1%22%2C%22title%22%3A%22%C3%A9valuation%20de%20votre%20dossier%22%2C%22featured%22%3A%220%22%7D%2C%7B%22icon_font%22%3A%22u-icons-book2%22%2C%22title%22%3A%22Pr%C3%A9paration%20de%20votre%20dossier%22%2C%22featured%22%3A%220%22%7D%2C%7B%22icon_font%22%3A%22u-icons-chat-1%22%2C%22title%22%3A%22D%C3%A9p%C3%B4t%20de%20votre%20dossier%22%2C%22featured%22%3A%220%22%7D%2C%7B%22icon_font%22%3A%22u-icons-book2%22%2C%22title%22%3A%22Suivi%20de%20votre%20dossier%22%2C%22featured%22%3A%220%22%7D%5D\u00a0\u00bb number=\u00a0\u00bb4&Prime;][\/vc_column_inner][\/vc_row_inner][vc_empty_space height=\u00a0\u00bb45&Prime; el_class=\u00a0\u00bbhidden-md hidden-sm hidden-xs\u00a0\u00bb][vc_empty_space height=\u00a0\u00bb45&Prime;][\/vc_column][\/vc_row][vc_row full_width=\u00a0\u00bbstretch_row\u00a0\u00bb css=\u00a0\u00bb.vc_custom_1509610970842{background-color: #f5f5f5 !important;}\u00a0\u00bb][vc_column][vc_empty_space height=\u00a0\u00bb50&Prime; el_class=\u00a0\u00bbhidden-md hidden-sm hidden-xs\u00a0\u00bb][vc_empty_space height=\u00a0\u00bb50&Prime;][vc_row_inner][vc_column_inner width=\u00a0\u00bb1\/2&Prime;][ninzio_title_heading style=\u00a0\u00bbstyle1&Prime; title=\u00a0\u00bbPourquoi nous choisir?\u00a0\u00bb][vc_column_text]Nous &hellip; <br \/><a href=\"https:\/\/trouvermonecole.com\/\" class=\"more-link\">Continue reading <span class=\"screen-reader-text\">Accueil<\/span><\/a><\/p>\n","protected":false},"author":1,"featured_media":0,"parent":0,"menu_order":0,"comment_status":"closed","ping_status":"closed","template":"","meta":{"footnotes":""},"class_list":["post-924","page","type-page","status-publish","hentry"],"_links":{"self":[{"href":"https:\/\/trouvermonecole.com\/index.php\/wp-json\/wp\/v2\/pages\/924","targetHints":{"allow":["GET"]}}],"collection":[{"href":"https:\/\/trouvermonecole.com\/index.php\/wp-json\/wp\/v2\/pages"}],"about":[{"href":"https:\/\/trouvermonecole.com\/index.php\/wp-json\/wp\/v2\/types\/page"}],"author":[{"embeddable":true,"href":"https:\/\/trouvermonecole.com\/index.php\/wp-json\/wp\/v2\/users\/1"}],"replies":[{"embeddable":true,"href":"https:\/\/trouvermonecole.com\/index.php\/wp-json\/wp\/v2\/comments?post=924"}],"version-history":[{"count":32,"href":"https:\/\/trouvermonecole.com\/index.php\/wp-json\/wp\/v2\/pages\/924\/revisions"}],"predecessor-version":[{"id":2434,"href":"https:\/\/trouvermonecole.com\/index.php\/wp-json\/wp\/v2\/pages\/924\/revisions\/2434"}],"wp:attachment":[{"href":"https:\/\/trouvermonecole.com\/index.php\/wp-json\/wp\/v2\/media?parent=924"}],"curies":[{"name":"wp","href":"https:\/\/api.w.org\/{rel}","templated":true}]}}