{"id":1625,"date":"2017-11-09T02:08:32","date_gmt":"2017-11-09T02:08:32","guid":{"rendered":"http:\/\/ninzio.com\/univero\/?page_id=1625"},"modified":"2025-12-08T11:17:47","modified_gmt":"2025-12-08T10:17:47","slug":"pricing","status":"publish","type":"page","link":"https:\/\/trouvermonecole.com\/index.php\/pricing\/","title":{"rendered":"Forfaits"},"content":{"rendered":"<p>[vc_row full_width=\u00a0\u00bbstretch_row_content_no_spaces\u00a0\u00bb css=\u00a0\u00bb.vc_custom_1510193929208{background-color: #f5f5f5 !important;}\u00a0\u00bb][vc_column width=\u00a0\u00bb1\/2&Prime;][ninzio_video title=\u00a0\u00bbProcessus de travail\u00a0\u00bb image=\u00a0\u00bb1436&Prime; el_class=\u00a0\u00bbno-margin\u00a0\u00bb][\/vc_column][vc_column width=\u00a0\u00bb1\/2&Prime; css=\u00a0\u00bb.vc_custom_1511943709395{padding-right: 180px !important;padding-left: 190px !important;}\u00a0\u00bb el_class=\u00a0\u00bbmobile-padding-0&Prime;][ninzio_title_heading style=\u00a0\u00bbstyle1&Prime; title=\u00a0\u00bbA propos\u00a0\u00bb][ninzio_call_action title=\u00a0\u00bb\u00a0\u00bb buttons1=\u00a0\u00bbbtn-theme\u00a0\u00bb style=\u00a0\u00bbstyledefault\u00a0\u00bb textbutton1=\u00a0\u00bbSoumettre mon dossier\u00a0\u00bb linkbutton1=\u00a0\u00bbhttps:\/\/trouvermonecole.com\/index.php\/evaluation\/\u00a0\u00bb]TROUVER MON ECOLE est un projet qui veut faciliter la recherche d\u2019une \u00e9cole aux \u00e9tudiants et apprenants \u00e0 travers le monde. Il existe certes beaucoup d\u2019\u00e9coles et de projets \u00e9ducatifs (Bourses, R\u00e9sidences\u2026) en faveur des jeunes qui souhaitent continuer leurs \u00e9tudes dans le sup\u00e9rieur, mais l\u2019acc\u00e8s reste difficile et la proc\u00e9dure stressante. L\u2019\u00e9tudiant qui s\u2019y heurte pour la premi\u00e8re fois est confront\u00e9 \u00e0 une multitude d\u2019informations simples mais confuses qu\u2019il\u00a0trouvera sur divers sites internet. Parce qu\u2019il n\u2019est pas facile de faire le tri et trouver la bonne information, parce que la proc\u00e9dure demande parfois des pi\u00e8ces et d\u2019autres textes dont l\u2019apprenant n\u2019a jamais entendu parler, nous nous mettons aux c\u00f4t\u00e9s des chercheurs d\u2019\u00e9coles.[\/ninzio_call_action][vc_empty_space height=\u00a0\u00bb30&Prime; el_class=\u00a0\u00bbhidden-class-1 hidden-xs hidden-sm hidden-md\u00a0\u00bb][vc_empty_space height=\u00a0\u00bb30&Prime;][\/vc_column][\/vc_row][vc_row][vc_column][vc_empty_space height=\u00a0\u00bb50&Prime;][vc_empty_space height=\u00a0\u00bb50&Prime; el_class=\u00a0\u00bbhidden-xs hidden-sm hidden-md\u00a0\u00bb][ninzio_title_heading descript=\u00a0\u00bbNous ne garantissons pas l&rsquo;obtention du VISA.\u00a0\u00bb style=\u00a0\u00bbdefault\u00a0\u00bb title=\u00a0\u00bbNos forfaits\u00a0\u00bb el_class=\u00a0\u00bbvc-pricing\u00a0\u00bb][vc_row_inner][vc_column_inner width=\u00a0\u00bb1\/3&Prime;][ninzio_course_membership post_name=\u00a0\u00bbonline\u00a0\u00bb][\/vc_column_inner][vc_column_inner width=\u00a0\u00bb1\/3&Prime;][ninzio_course_membership post_name=\u00a0\u00bbyearly\u00a0\u00bb recommend=\u00a0\u00bbyes\u00a0\u00bb][\/vc_column_inner][vc_column_inner width=\u00a0\u00bb1\/3&Prime;][ninzio_course_membership post_name=\u00a0\u00bbmonthly\u00a0\u00bb][\/vc_column_inner][\/vc_row_inner][vc_empty_space height=\u00a0\u00bb55&Prime;][vc_empty_space height=\u00a0\u00bb55&Prime; el_class=\u00a0\u00bbhidden-xs hidden-sm hidden-md\u00a0\u00bb][\/vc_column][\/vc_row]<\/p>\n","protected":false},"excerpt":{"rendered":"<p>[vc_row full_width=\u00a0\u00bbstretch_row_content_no_spaces\u00a0\u00bb css=\u00a0\u00bb.vc_custom_1510193929208{background-color: #f5f5f5 !important;}\u00a0\u00bb][vc_column width=\u00a0\u00bb1\/2&Prime;][ninzio_video title=\u00a0\u00bbProcessus de travail\u00a0\u00bb image=\u00a0\u00bb1436&Prime; el_class=\u00a0\u00bbno-margin\u00a0\u00bb][\/vc_column][vc_column width=\u00a0\u00bb1\/2&Prime; css=\u00a0\u00bb.vc_custom_1511943709395{padding-right: 180px !important;padding-left: 190px !important;}\u00a0\u00bb el_class=\u00a0\u00bbmobile-padding-0&Prime;][ninzio_title_heading style=\u00a0\u00bbstyle1&Prime; title=\u00a0\u00bbA propos\u00a0\u00bb][ninzio_call_action title=\u00a0\u00bb\u00a0\u00bb buttons1=\u00a0\u00bbbtn-theme\u00a0\u00bb style=\u00a0\u00bbstyledefault\u00a0\u00bb textbutton1=\u00a0\u00bbSoumettre mon dossier\u00a0\u00bb linkbutton1=\u00a0\u00bbhttps:\/\/trouvermonecole.com\/index.php\/evaluation\/\u00a0\u00bb]TROUVER MON ECOLE &hellip; <br \/><a href=\"https:\/\/trouvermonecole.com\/index.php\/pricing\/\" class=\"more-link\">Continue reading <span class=\"screen-reader-text\">Forfaits<\/span><\/a><\/p>\n","protected":false},"author":1,"featured_media":0,"parent":0,"menu_order":0,"comment_status":"closed","ping_status":"closed","template":"","meta":{"footnotes":""},"class_list":["post-1625","page","type-page","status-publish","hentry"],"_links":{"self":[{"href":"https:\/\/trouvermonecole.com\/index.php\/wp-json\/wp\/v2\/pages\/1625","targetHints":{"allow":["GET"]}}],"collection":[{"href":"https:\/\/trouvermonecole.com\/index.php\/wp-json\/wp\/v2\/pages"}],"about":[{"href":"https:\/\/trouvermonecole.com\/index.php\/wp-json\/wp\/v2\/types\/page"}],"author":[{"embeddable":true,"href":"https:\/\/trouvermonecole.com\/index.php\/wp-json\/wp\/v2\/users\/1"}],"replies":[{"embeddable":true,"href":"https:\/\/trouvermonecole.com\/index.php\/wp-json\/wp\/v2\/comments?post=1625"}],"version-history":[{"count":11,"href":"https:\/\/trouvermonecole.com\/index.php\/wp-json\/wp\/v2\/pages\/1625\/revisions"}],"predecessor-version":[{"id":2380,"href":"https:\/\/trouvermonecole.com\/index.php\/wp-json\/wp\/v2\/pages\/1625\/revisions\/2380"}],"wp:attachment":[{"href":"https:\/\/trouvermonecole.com\/index.php\/wp-json\/wp\/v2\/media?parent=1625"}],"curies":[{"name":"wp","href":"https:\/\/api.w.org\/{rel}","templated":true}]}}